{"id":76,"date":"2019-08-17T10:02:01","date_gmt":"2019-08-17T10:02:01","guid":{"rendered":"https:\/\/almdc.fr\/?page_id=76"},"modified":"2019-08-17T11:07:35","modified_gmt":"2019-08-17T11:07:35","slug":"librairie","status":"publish","type":"page","link":"https:\/\/almdc.fr\/index.php\/librairie\/","title":{"rendered":"Librairie"},"content":{"rendered":"\n<p>La pri\u00e8re<\/p>\n\n\n\n\n<!-- G\u00e9n\u00e9ration r\u00e9alis\u00e9e avec Document Gallery. Obtenez votre version ici :http:\/\/wordpress.org\/extend\/plugins\/document-gallery -->\n<div id=\"document-gallery-1\" class=\"document-gallery\" data-shortcode='{\"id\":76,\"include\":\"80\",\"exclude\":\"\",\"attachment_pg\":false,\"columns\":4,\"descriptions\":true,\"fancy\":true,\"limit\":-1,\"mime_types\":\"application,video,text,audio,image\",\"new_window\":true,\"order\":\"DESC\",\"orderby\":\"post__in\",\"paginate\":true,\"post_status\":\"any\",\"post_type\":\"attachment\",\"relation\":\"AND\",\"skip\":0}'>\n<div class='document-icon-row descriptions'>\n   <div class=\"document-icon\">\n      <a href=\"https:\/\/almdc.fr\/wp-content\/uploads\/2019\/08\/comment_developper_une_vie_de_priere_miraculeuse_pour_sa_famille.pdf\" target=\"_blank\">\n         <img decoding=\"async\" src=\"https:\/\/almdc.fr\/wp-content\/uploads\/2019\/08\/comment_developper_une_vie_de_priere_miraculeuse_pour_sa_famille-thumb.png\" title=\"D\u00e9velopper une vie de pri\u00e8re miraculeuse\" alt=\"D\u00e9velopper une vie de pri\u00e8re miraculeuse\" data-ext=\"pdf\"\/>\n         <span class=\"title\">D\u00e9velopper une vie de pri\u00e8re miraculeuse<\/span>\n      <\/a>\n   <\/div>\n   <p><\/p>\n<\/div>\n<\/div>\n","protected":false},"excerpt":{"rendered":"<p>La pri\u00e8re<\/p>\n","protected":false},"author":1,"featured_media":0,"parent":0,"menu_order":0,"comment_status":"closed","ping_status":"closed","template":"","meta":{"footnotes":""},"class_list":["post-76","page","type-page","status-publish","hentry"],"_links":{"self":[{"href":"https:\/\/almdc.fr\/index.php\/wp-json\/wp\/v2\/pages\/76","targetHints":{"allow":["GET"]}}],"collection":[{"href":"https:\/\/almdc.fr\/index.php\/wp-json\/wp\/v2\/pages"}],"about":[{"href":"https:\/\/almdc.fr\/index.php\/wp-json\/wp\/v2\/types\/page"}],"author":[{"embeddable":true,"href":"https:\/\/almdc.fr\/index.php\/wp-json\/wp\/v2\/users\/1"}],"replies":[{"embeddable":true,"href":"https:\/\/almdc.fr\/index.php\/wp-json\/wp\/v2\/comments?post=76"}],"version-history":[{"count":9,"href":"https:\/\/almdc.fr\/index.php\/wp-json\/wp\/v2\/pages\/76\/revisions"}],"predecessor-version":[{"id":104,"href":"https:\/\/almdc.fr\/index.php\/wp-json\/wp\/v2\/pages\/76\/revisions\/104"}],"wp:attachment":[{"href":"https:\/\/almdc.fr\/index.php\/wp-json\/wp\/v2\/media?parent=76"}],"curies":[{"name":"wp","href":"https:\/\/api.w.org\/{rel}","templated":true}]}}