{"id":42,"date":"2018-06-21T13:41:43","date_gmt":"2018-06-21T13:41:43","guid":{"rendered":"https:\/\/almdc.fr\/?page_id=42"},"modified":"2018-06-21T13:41:43","modified_gmt":"2018-06-21T13:41:43","slug":"activites","status":"publish","type":"page","link":"https:\/\/almdc.fr\/index.php\/activites\/","title":{"rendered":"Activit\u00e9s"},"content":{"rendered":"<h3><strong>Aide aux personnes en difficult\u00e9<\/strong><\/h3>\n<blockquote><p>Chaque jour nous \u00e9coutons les besoins autour de nous.<br \/>\nNous distribuons des sandwiches et des boissons aux personnes dans la rue.<\/p><\/blockquote>\n<h3><strong>Activit\u00e9s culturelles<\/strong><\/h3>\n<blockquote><p>Nous organisons r\u00e9guli\u00e8rement des r\u00e9unions avec nos confr\u00e8res africains, pour manger, boire, s&#8217;amuser, partager nos exp\u00e9riences et nous r\u00e9jouir d&#8217;\u00eatre ensemble.<\/p><\/blockquote>\n","protected":false},"excerpt":{"rendered":"<p>Aide aux personnes en difficult\u00e9 Chaque jour nous \u00e9coutons les besoins autour de nous. Nous distribuons des sandwiches et des boissons aux personnes dans la rue. Activit\u00e9s culturelles Nous organisons r\u00e9guli\u00e8rement des r\u00e9unions avec nos confr\u00e8res africains, pour manger, boire, s&#8217;amuser, partager nos exp\u00e9riences et nous r\u00e9jouir d&#8217;\u00eatre ensemble.<\/p>\n","protected":false},"author":1,"featured_media":0,"parent":0,"menu_order":0,"comment_status":"closed","ping_status":"closed","template":"","meta":{"footnotes":""},"class_list":["post-42","page","type-page","status-publish","hentry"],"_links":{"self":[{"href":"https:\/\/almdc.fr\/index.php\/wp-json\/wp\/v2\/pages\/42","targetHints":{"allow":["GET"]}}],"collection":[{"href":"https:\/\/almdc.fr\/index.php\/wp-json\/wp\/v2\/pages"}],"about":[{"href":"https:\/\/almdc.fr\/index.php\/wp-json\/wp\/v2\/types\/page"}],"author":[{"embeddable":true,"href":"https:\/\/almdc.fr\/index.php\/wp-json\/wp\/v2\/users\/1"}],"replies":[{"embeddable":true,"href":"https:\/\/almdc.fr\/index.php\/wp-json\/wp\/v2\/comments?post=42"}],"version-history":[{"count":1,"href":"https:\/\/almdc.fr\/index.php\/wp-json\/wp\/v2\/pages\/42\/revisions"}],"predecessor-version":[{"id":43,"href":"https:\/\/almdc.fr\/index.php\/wp-json\/wp\/v2\/pages\/42\/revisions\/43"}],"wp:attachment":[{"href":"https:\/\/almdc.fr\/index.php\/wp-json\/wp\/v2\/media?parent=42"}],"curies":[{"name":"wp","href":"https:\/\/api.w.org\/{rel}","templated":true}]}}