{"id":40,"date":"2018-06-21T13:40:48","date_gmt":"2018-06-21T13:40:48","guid":{"rendered":"https:\/\/almdc.fr\/?page_id=40"},"modified":"2018-06-21T13:40:48","modified_gmt":"2018-06-21T13:40:48","slug":"etudes","status":"publish","type":"page","link":"https:\/\/almdc.fr\/index.php\/etudes\/","title":{"rendered":"Etudes"},"content":{"rendered":"<p>&nbsp;<\/p>\n<p><span style=\"font-size:16px\"><em>Pour ceux qui le d\u00e9sirent, nous partageons la Bible ensemble. Dieu nous enseigne \u00e0 b\u00e2tir comme de sages architectes (1 Corinthiens 3:10), aussi nous \u00e9tudions un certain nombre de th\u00e8mes qui repr\u00e9sentent les principes fondamentaux de notre foi :<\/em><\/span><\/p>\n<h2>Chercher Dieu<\/h2>\n<blockquote>\n<p>La Bible nous enseigne que le but de la vie d&#8217;un homme est de chercher Dieu. Est-ce que c&#8217;est la v\u00e9rit\u00e9 ? Pourquoi nous le croyons ? Si c&#8217;est vrai quelles sont les cons\u00e9quence pour notre vie ?&nbsp; Pour le monde ?<\/p>\n<\/blockquote>\n<h2>Qui est J\u00e9sus<\/h2>\n<blockquote>\n<p>Qui est donc ce personnage dont presque tout le monde a entendu parler, mais qui l&#8217;on conna\u00eet si peu ? Pourquoi est-il venu sur terre ? Quel est son message ? Comment, apr\u00e8s 2000 ans d&#8217;histoire, des millons d&#8217;hommes et de femmes s&#8217;efforcent de le comprendre et de le suivre ? Comment son enseignement a travers\u00e9 les \u00e2ges et a influenc\u00e9 les fondements de notre soci\u00e9t\u00e9 actuelle ?<\/p>\n<\/blockquote>\n<h2>La Parole de Dieu<\/h2>\n<blockquote>\n<p>Pourquoi la Bible est-elle la Parole de Dieu ? Comment cet ensemble de livres a-t-il \u00e9t\u00e9 \u00e9crit et pr\u00e9serv\u00e9 au travers du temps ? Peut-on se fier \u00e0 ces documents ? Quel est son r\u00f4le ? Qu&#8217;est-ce que sa mise en pratique produit dans la vie d&#8217;un \u00eatre humain ?<\/p>\n<\/blockquote>\n<h2>Le Royaume de Dieu<\/h2>\n<blockquote>\n<p>Qu&#8217;est-ce que le Royaume de Dieu ? O\u00f9 se trouve-t-il ? Est-ce le Royaume des Cieux ? Comment on le rejoint et qui en fait partie ? Quel rapport avec les Chr\u00e9tiens ?<\/p>\n<\/blockquote>\n<h2>Disciple de J\u00e9sus<\/h2>\n<blockquote>\n<p>Qu&#8217;est-ce qu&#8217;un disciple ? Quel rapport avec J\u00e9sus ? Qu&#8217;est-ce que vivre comme un disciple ? Quelle diff\u00e9rence entre disciple et chr\u00e9tien ? Quel est le plan de Dieu dans tout \u00e7a ?<\/p>\n<\/blockquote>\n<h2>La Croix<\/h2>\n<blockquote>\n<p>J\u00e9sus a \u00e9t\u00e9 crucifi\u00e9, pendu \u00e0 une croix, pourquoi ? Il \u00e9tait conscient qu&#8217;il y allait, quelle est la signification profonde de ce sacrifice ? Quelle importance a ce geste dans la vie des chretiens ? Des \u00eatres humains en g\u00e9n\u00e9ral ?<\/p>\n<\/blockquote>\n<h2>Le p\u00e9ch\u00e9<\/h2>\n<blockquote>\n<p>Quel est ce terme si controvers\u00e9 \u00e0 travers les g\u00e9n\u00e9rations, quel est son sens v\u00e9ritable ? En quoi c&#8217;est un probl\u00e8me pour les hommes et les femmes de notre plan\u00e8te ? Quelles cons\u00e9quences graves a ce p\u00e9ch\u00e9 dans la destin\u00e9e de milliards d&#8217;\u00eatres sur cette terre ? Quels niveaux d&#8217;importance selon les types de p\u00e9ch\u00e9s ?<\/p>\n<\/blockquote>\n<h2>La repentance<\/h2>\n<blockquote>\n<p>Que veut dire ce mot peu courant ? Quel rapport avec la <strong>p\u00e9nitence<\/strong> que certains mouvements religieux pratiquent ? Que produit-elle dans notre vie si on l&#8217;utilise ? Pourquoi est-ce si important ?<\/p>\n<\/blockquote>\n<h2>Le bapt\u00eame<\/h2>\n<blockquote>\n<p>On donne \u00e0 ce mot diverses formes et de nombreux sens, que signifie-t-il vraiment ? Quelle est son importance dans le parcours d&#8217;un chr\u00e9tien ? En quoi consiste-t-il ? Quelle est la vision de Dieu du bapt\u00eame, quelles sont les conditions ?<\/p>\n<\/blockquote>\n<h2>L&#8217;Eglise<\/h2>\n<blockquote>\n<p>Qu&#8217;est-ce que l&#8217;\u00e9glise ? Un b\u00e2timent, un ensemble de gens, un club de vacances ? Pourquoi est-elle aussi fondamentale, au point que J\u00e9sus a donn\u00e9 sa vie pour elle ? Quelle est sa dimension spirituelle ?<\/p>\n<\/blockquote>\n<p><span style=\"font-size:16px\"><em>Des questions que beaucoup de monde se pose et auxquelles nous essayons ensemble d&#8217;apporter des r\u00e9ponses Bibliques.<\/em><\/span><\/p>\n<p>\n&nbsp;<\/p>\n","protected":false},"excerpt":{"rendered":"<p>&nbsp; Pour ceux qui le d\u00e9sirent, nous partageons la Bible ensemble. Dieu nous enseigne \u00e0 b\u00e2tir comme de sages architectes (1 Corinthiens 3:10), aussi nous \u00e9tudions un certain nombre de th\u00e8mes qui repr\u00e9sentent les principes fondamentaux de notre foi : Chercher Dieu La Bible nous enseigne que le but de la vie d&#8217;un homme est &hellip; <\/p>\n<p class=\"link-more\"><a href=\"https:\/\/almdc.fr\/index.php\/etudes\/\" class=\"more-link\">Continuer la lecture<span class=\"screen-reader-text\"> de &laquo;&nbsp;Etudes&nbsp;&raquo;<\/span><\/a><\/p>\n","protected":false},"author":1,"featured_media":0,"parent":0,"menu_order":0,"comment_status":"closed","ping_status":"closed","template":"","meta":{"footnotes":""},"class_list":["post-40","page","type-page","status-publish","hentry"],"_links":{"self":[{"href":"https:\/\/almdc.fr\/index.php\/wp-json\/wp\/v2\/pages\/40","targetHints":{"allow":["GET"]}}],"collection":[{"href":"https:\/\/almdc.fr\/index.php\/wp-json\/wp\/v2\/pages"}],"about":[{"href":"https:\/\/almdc.fr\/index.php\/wp-json\/wp\/v2\/types\/page"}],"author":[{"embeddable":true,"href":"https:\/\/almdc.fr\/index.php\/wp-json\/wp\/v2\/users\/1"}],"replies":[{"embeddable":true,"href":"https:\/\/almdc.fr\/index.php\/wp-json\/wp\/v2\/comments?post=40"}],"version-history":[{"count":1,"href":"https:\/\/almdc.fr\/index.php\/wp-json\/wp\/v2\/pages\/40\/revisions"}],"predecessor-version":[{"id":41,"href":"https:\/\/almdc.fr\/index.php\/wp-json\/wp\/v2\/pages\/40\/revisions\/41"}],"wp:attachment":[{"href":"https:\/\/almdc.fr\/index.php\/wp-json\/wp\/v2\/media?parent=40"}],"curies":[{"name":"wp","href":"https:\/\/api.w.org\/{rel}","templated":true}]}}