{"id":36,"date":"2018-06-21T13:37:26","date_gmt":"2018-06-21T13:37:26","guid":{"rendered":"https:\/\/almdc.fr\/?page_id=36"},"modified":"2018-06-21T13:37:26","modified_gmt":"2018-06-21T13:37:26","slug":"qui-nous-sommes","status":"publish","type":"page","link":"https:\/\/almdc.fr\/index.php\/qui-nous-sommes\/","title":{"rendered":"Qui nous sommes"},"content":{"rendered":"<p>&nbsp;<\/p>\n<blockquote><p>Nous sommes des personnes ordinaires, de toutes nationalit\u00e9s, de tous \u00e2ges et de tous niveaux socio-\u00e9conomiques, de divers pays et de diverses cultures, qui avons \u00e9t\u00e9 transform\u00e9es par l\u2019Amour de Dieu envers nous par la gr\u00e2ce de son fils J\u00e9sus-Christ.<\/p><\/blockquote>\n<h4><\/h4>\n<blockquote><p>Nous croyons que J\u00e9sus-Christ est le fils de Dieu, qu\u2019il a \u00e9t\u00e9 fait homme et qu\u2019il est venu sur terre pour nous montrer l\u2019Amour inconditionnel de Dieu : qu\u2019il est <q>l&#8217;image du Dieu invisible<\/q> (Col 1.15) et qu\u2019en Christ <q>sont cach\u00e9s tous les tr\u00e9sors de la sagesse et de la connaissance.<\/q> (Col 2.3)<\/p><\/blockquote>\n<h4><\/h4>\n<blockquote><p>Nous croyons :<\/p>\n<ul>\n<li>que Dieu a envoy\u00e9 son fils unique dans le monde afin que, par lui, nous ayons la vraie vie durant notre passage sur terre, et apr\u00e8s, la vie \u00e9ternelle ! <a href=\"http:\/\/www.acparis.net\/qui-nous-sommes#inline1\">(Jean 10.10)<\/a><\/li>\n<li>que J\u00e9sus est le Chemin, la V\u00e9rit\u00e9 et la Vie qui nous m\u00e8ne \u00e0 Dieu, <a href=\"http:\/\/www.acparis.net\/qui-nous-sommes#inline2\">(Jean 14.6)<\/a><\/li>\n<li>qu\u2019Il est mort pour nos fautes et qu\u2019Il est ressuscit\u00e9 pour notre justification,<\/li>\n<li>qu\u2019Il est mont\u00e9 au ciel,<\/li>\n<li>qu\u2019Il est assis \u00e0 la droite du P\u00e8re et qu\u2019Il viendra pour juger les vivants et les morts \u00e0 la gloire de Dieu, le Cr\u00e9ateur du ciel et de la terre !<\/li>\n<\/ul>\n<\/blockquote>\n<h4><\/h4>\n<blockquote><p>Nous sommes adolescents, \u00e9tudiants passionn\u00e9s, c\u00e9libataires, couples mari\u00e9s, veufs ou parents seuls\u2026<br \/>\nNous sommes pauvres, de classes moyennes ou riches, nous sommes \u00e0 peine instruits ou dipl\u00f4m\u00e9s.<br \/>\nNous sommes des hommes et des femmes \u0153uvrant c\u00f4te \u00e0 c\u00f4te pour la gloire de Dieu, tout en respectant nos diff\u00e9rences.<br \/>\nNous avons \u00e9t\u00e9 transform\u00e9s par la gr\u00e2ce extraordinaire de Dieu et nous voulons, \u00e0 notre tour, faire conna\u00eetre son \u00e9vangile r\u00e9volutionnaire et transformant au monde qui nous entoure !<\/p><\/blockquote>\n<h4><\/h4>\n<blockquote><p>Nous n\u2019avons aucune pr\u00e9tention de perfection, nous nous reconnaissons comme p\u00e9cheurs qui sont, en tant que disciples de J\u00e9sus et guid\u00e9s par son Esprit Saint, continuellement en train d\u2019apprendre, de grandir, et d\u2019\u00eatre transform\u00e9s par la Gr\u00e2ce de Dieu. Nous aspirons \u00e0 nous aimer les uns les autres comme J\u00e9sus nous a aim\u00e9s <a href=\"http:\/\/www.acparis.net\/qui-nous-sommes#inline3\">(Jean 13.35)<\/a> et \u00e0 faire conna\u00eetre la Bonne Nouvelle de l\u2019\u00e9vangile de Dieu <q>qui veut que tous les hommes soient sauv\u00e9s et parviennent \u00e0 la connaissance de la v\u00e9rit\u00e9.<\/q>(1 Tim 2.3-4)<\/p><\/blockquote>\n<h4><\/h4>\n<blockquote><p>J\u00e9sus-Christ, Seigneur et Sauveur de l\u2019humanit\u00e9 &#8211; Le seul qui soit mort pour nous et qui soit ressuscit\u00e9 d&#8217;entre les morts :<\/p><\/blockquote>\n<p>&nbsp;<\/p>\n<blockquote><p>Il n&#8217;y a de salut en aucun autre; car il n&#8217;y a sous le ciel aucun autre nom qui ait \u00e9t\u00e9 donn\u00e9 parmi les hommes, par lequel nous devions \u00eatre sauv\u00e9s.<\/p>\n<p>Actes 4.12<\/p><\/blockquote>\n<h4><\/h4>\n<blockquote><p>Le seul qui ait quitt\u00e9 le ciel pour venir nous chercher, nous montrer l\u2019Amour de Dieu et nous offrir l\u2019Eternit\u00e9 !<\/p><\/blockquote>\n<h4><\/h4>\n<blockquote><p>Nous sommes en voyage pour la vie \u00e9ternelle, explorant l&#8217;incroyable plan que Dieu a pour chacun d\u2019entre nous sur cette terre, dans les pas de J\u00e9sus-Christ qui en est le seul chemin. <a href=\"http:\/\/www.acparis.net\/qui-nous-sommes#inline2\">(Jean 14.6)<\/a><\/p><\/blockquote>\n<h4><\/h4>\n<blockquote><p>Nous vous invitons vivement \u00e0 nous rejoindre sur Le chemin que J\u00e9sus nous offre. Certes, il n&#8217;est pas toujours facile, tout comme le sien ne l\u2019a pas toujours \u00e9t\u00e9, mais il en vaut vraiment la peine !!!<\/p><\/blockquote>\n<h4><\/h4>\n<blockquote><p>Celui qui boira de l\u2019eau que je lui donnerai, n\u2019aura jamais soif, et l\u2019eau que je lui donnerai deviendra en lui une source d\u2019eau qui jaillira jusque dans la vie \u00e9ternelle.<\/p>\n<p>J\u00e9sus, en Jean 4.14<\/p><\/blockquote>\n<p>&nbsp;<\/p>\n<blockquote><p>Je suis la lumi\u00e8re du monde ; celui qui me suit ne marchera point dans les t\u00e9n\u00e8bres, mais il aura la lumi\u00e8re de la vie.<\/p>\n<p>J\u00e9sus, en Jean 8.12<\/p><\/blockquote>\n<p>&nbsp;<\/p>\n<blockquote><p>Il essuiera toute larme de leurs yeux, et la mort ne sera plus, et il n&#8217;y aura plus ni deuil, ni cri, ni douleur, car les premi\u00e8res choses ont disparu. Et celui qui \u00e9tait assis sur le tr\u00f4ne dit: Voici, je fais toutes choses nouvelles. Et il dit: \u00c9cris; car ces paroles sont certaines et v\u00e9ritables. Et il me dit: C&#8217;est fait! Je suis l&#8217;alpha et l&#8217;om\u00e9ga, le commencement et la fin. A celui qui a soif je donnerai de la source de l&#8217;eau de la vie, gratuitement.<\/p>\n<p>Apoc. 21.3-6<\/p><\/blockquote>\n","protected":false},"excerpt":{"rendered":"<p>&nbsp; Nous sommes des personnes ordinaires, de toutes nationalit\u00e9s, de tous \u00e2ges et de tous niveaux socio-\u00e9conomiques, de divers pays et de diverses cultures, qui avons \u00e9t\u00e9 transform\u00e9es par l\u2019Amour de Dieu envers nous par la gr\u00e2ce de son fils J\u00e9sus-Christ. Nous croyons que J\u00e9sus-Christ est le fils de Dieu, qu\u2019il a \u00e9t\u00e9 fait homme &hellip; <\/p>\n<p class=\"link-more\"><a href=\"https:\/\/almdc.fr\/index.php\/qui-nous-sommes\/\" class=\"more-link\">Continuer la lecture<span class=\"screen-reader-text\"> de &laquo;&nbsp;Qui nous sommes&nbsp;&raquo;<\/span><\/a><\/p>\n","protected":false},"author":1,"featured_media":0,"parent":0,"menu_order":0,"comment_status":"closed","ping_status":"closed","template":"","meta":{"footnotes":""},"class_list":["post-36","page","type-page","status-publish","hentry"],"_links":{"self":[{"href":"https:\/\/almdc.fr\/index.php\/wp-json\/wp\/v2\/pages\/36","targetHints":{"allow":["GET"]}}],"collection":[{"href":"https:\/\/almdc.fr\/index.php\/wp-json\/wp\/v2\/pages"}],"about":[{"href":"https:\/\/almdc.fr\/index.php\/wp-json\/wp\/v2\/types\/page"}],"author":[{"embeddable":true,"href":"https:\/\/almdc.fr\/index.php\/wp-json\/wp\/v2\/users\/1"}],"replies":[{"embeddable":true,"href":"https:\/\/almdc.fr\/index.php\/wp-json\/wp\/v2\/comments?post=36"}],"version-history":[{"count":1,"href":"https:\/\/almdc.fr\/index.php\/wp-json\/wp\/v2\/pages\/36\/revisions"}],"predecessor-version":[{"id":37,"href":"https:\/\/almdc.fr\/index.php\/wp-json\/wp\/v2\/pages\/36\/revisions\/37"}],"wp:attachment":[{"href":"https:\/\/almdc.fr\/index.php\/wp-json\/wp\/v2\/media?parent=36"}],"curies":[{"name":"wp","href":"https:\/\/api.w.org\/{rel}","templated":true}]}}